{"id":79,"date":"2017-08-14T08:50:41","date_gmt":"2017-08-14T08:50:41","guid":{"rendered":"http:\/\/themes.muffingroup.com\/be\/clinic2\/?page_id=2"},"modified":"2026-04-10T16:02:59","modified_gmt":"2026-04-10T19:02:59","slug":"home","status":"publish","type":"page","link":"https:\/\/cdtdiagnosticos.com.br\/redencao\/","title":{"rendered":"Home"},"content":{"rendered":"\n\n<div class=\"kk-star-ratings kksr-auto kksr-align-center kksr-valign-bottom\"\n    data-payload='{&quot;align&quot;:&quot;center&quot;,&quot;id&quot;:&quot;79&quot;,&quot;slug&quot;:&quot;default&quot;,&quot;valign&quot;:&quot;bottom&quot;,&quot;ignore&quot;:&quot;&quot;,&quot;reference&quot;:&quot;auto&quot;,&quot;class&quot;:&quot;&quot;,&quot;count&quot;:&quot;34&quot;,&quot;legendonly&quot;:&quot;&quot;,&quot;readonly&quot;:&quot;&quot;,&quot;score&quot;:&quot;5&quot;,&quot;starsonly&quot;:&quot;&quot;,&quot;best&quot;:&quot;5&quot;,&quot;gap&quot;:&quot;4&quot;,&quot;greet&quot;:&quot;Rate this page&quot;,&quot;legend&quot;:&quot;5\\\/5 - (34 votos)&quot;,&quot;size&quot;:&quot;24&quot;,&quot;title&quot;:&quot;Home&quot;,&quot;width&quot;:&quot;138&quot;,&quot;_legend&quot;:&quot;{score}\\\/{best} - ({count} {votes})&quot;,&quot;font_factor&quot;:&quot;1.25&quot;}'>\n            \n<div class=\"kksr-stars\">\n    \n<div class=\"kksr-stars-inactive\">\n            <div class=\"kksr-star\" data-star=\"1\" style=\"padding-right: 4px\">\n            \n\n<div class=\"kksr-icon\" style=\"width: 24px; height: 24px;\"><\/div>\n        <\/div>\n            <div class=\"kksr-star\" data-star=\"2\" style=\"padding-right: 4px\">\n            \n\n<div class=\"kksr-icon\" style=\"width: 24px; height: 24px;\"><\/div>\n        <\/div>\n            <div class=\"kksr-star\" data-star=\"3\" style=\"padding-right: 4px\">\n            \n\n<div class=\"kksr-icon\" style=\"width: 24px; height: 24px;\"><\/div>\n        <\/div>\n            <div class=\"kksr-star\" data-star=\"4\" style=\"padding-right: 4px\">\n            \n\n<div class=\"kksr-icon\" style=\"width: 24px; height: 24px;\"><\/div>\n        <\/div>\n            <div class=\"kksr-star\" data-star=\"5\" style=\"padding-right: 4px\">\n            \n\n<div class=\"kksr-icon\" style=\"width: 24px; height: 24px;\"><\/div>\n        <\/div>\n    <\/div>\n    \n<div class=\"kksr-stars-active\" style=\"width: 138px;\">\n            <div class=\"kksr-star\" style=\"padding-right: 4px\">\n            \n\n<div class=\"kksr-icon\" style=\"width: 24px; height: 24px;\"><\/div>\n        <\/div>\n            <div class=\"kksr-star\" style=\"padding-right: 4px\">\n            \n\n<div class=\"kksr-icon\" style=\"width: 24px; height: 24px;\"><\/div>\n        <\/div>\n            <div class=\"kksr-star\" style=\"padding-right: 4px\">\n            \n\n<div class=\"kksr-icon\" style=\"width: 24px; height: 24px;\"><\/div>\n        <\/div>\n            <div class=\"kksr-star\" style=\"padding-right: 4px\">\n            \n\n<div class=\"kksr-icon\" style=\"width: 24px; height: 24px;\"><\/div>\n        <\/div>\n            <div class=\"kksr-star\" style=\"padding-right: 4px\">\n            \n\n<div class=\"kksr-icon\" style=\"width: 24px; height: 24px;\"><\/div>\n        <\/div>\n    <\/div>\n<\/div>\n                \n\n<div class=\"kksr-legend\" style=\"font-size: 19.2px;\">\n            5\/5 - (34 votos)    <\/div>\n    <\/div>\n","protected":false},"excerpt":{"rendered":"","protected":false},"author":2,"featured_media":923,"parent":0,"menu_order":0,"comment_status":"closed","ping_status":"open","template":"","meta":{"footnotes":""},"class_list":["post-79","page","type-page","status-publish","has-post-thumbnail","hentry"],"yoast_head":"<!-- This site is optimized with the Yoast SEO plugin v24.4 - https:\/\/yoast.com\/wordpress\/plugins\/seo\/ -->\n<title>Resson\u00e2ncia Magn\u00e9tica em Reden\u00e7\u00e3o-PA - CDT Diagn\u00f3sticos<\/title>\n<meta name=\"description\" content=\"Resson\u00e2ncia Magn\u00e9tica, Tomografia, Ecografia e Ultrassonografia, Mamografia..Conhe\u00e7a o CDT Diagn\u00f3sticos por imagem Reden\u00e7\u00e3o. Ressonancia Magnetica Reden\u00e7\u00e3o-PA.\" \/>\n<meta name=\"robots\" content=\"index, follow, max-snippet:-1, max-image-preview:large, max-video-preview:-1\" \/>\n<link rel=\"canonical\" href=\"https:\/\/cdtdiagnosticos.com.br\/redencao\/\" \/>\n<meta property=\"og:locale\" content=\"pt_BR\" \/>\n<meta property=\"og:type\" content=\"article\" \/>\n<meta property=\"og:title\" content=\"Resson\u00e2ncia Magn\u00e9tica em Reden\u00e7\u00e3o-PA - CDT Diagn\u00f3sticos\" \/>\n<meta property=\"og:description\" content=\"Resson\u00e2ncia Magn\u00e9tica, Tomografia, Ecografia e Ultrassonografia, Mamografia..Conhe\u00e7a o CDT Diagn\u00f3sticos por imagem Reden\u00e7\u00e3o. Ressonancia Magnetica Reden\u00e7\u00e3o-PA.\" \/>\n<meta property=\"og:url\" content=\"https:\/\/cdtdiagnosticos.com.br\/redencao\/\" \/>\n<meta property=\"og:site_name\" content=\"CDT - Diagn\u00f3sticos por Imagem Reden\u00e7\u00e3o - PA\" \/>\n<meta property=\"article:modified_time\" content=\"2026-04-10T19:02:59+00:00\" \/>\n<meta property=\"og:image\" content=\"https:\/\/cdtdiagnosticos.com.br\/redencao\/wp-content\/uploads\/2021\/09\/CDT-Redencao.jpeg\" \/>\n\t<meta property=\"og:image:width\" content=\"720\" \/>\n\t<meta property=\"og:image:height\" content=\"1280\" \/>\n\t<meta property=\"og:image:type\" content=\"image\/jpeg\" \/>\n<meta name=\"twitter:card\" content=\"summary_large_image\" \/>\n<!-- \/ Yoast SEO plugin. -->","yoast_head_json":{"title":"Resson\u00e2ncia Magn\u00e9tica em Reden\u00e7\u00e3o-PA - CDT Diagn\u00f3sticos","description":"Resson\u00e2ncia Magn\u00e9tica, Tomografia, Ecografia e Ultrassonografia, Mamografia..Conhe\u00e7a o CDT Diagn\u00f3sticos por imagem Reden\u00e7\u00e3o. Ressonancia Magnetica Reden\u00e7\u00e3o-PA.","robots":{"index":"index","follow":"follow","max-snippet":"max-snippet:-1","max-image-preview":"max-image-preview:large","max-video-preview":"max-video-preview:-1"},"canonical":"https:\/\/cdtdiagnosticos.com.br\/redencao\/","og_locale":"pt_BR","og_type":"article","og_title":"Resson\u00e2ncia Magn\u00e9tica em Reden\u00e7\u00e3o-PA - CDT Diagn\u00f3sticos","og_description":"Resson\u00e2ncia Magn\u00e9tica, Tomografia, Ecografia e Ultrassonografia, Mamografia..Conhe\u00e7a o CDT Diagn\u00f3sticos por imagem Reden\u00e7\u00e3o. Ressonancia Magnetica Reden\u00e7\u00e3o-PA.","og_url":"https:\/\/cdtdiagnosticos.com.br\/redencao\/","og_site_name":"CDT - Diagn\u00f3sticos por Imagem Reden\u00e7\u00e3o - PA","article_modified_time":"2026-04-10T19:02:59+00:00","og_image":[{"width":720,"height":1280,"url":"https:\/\/cdtdiagnosticos.com.br\/redencao\/wp-content\/uploads\/2021\/09\/CDT-Redencao.jpeg","type":"image\/jpeg"}],"twitter_card":"summary_large_image","schema":{"@context":"https:\/\/schema.org","@graph":[{"@type":"WebPage","@id":"https:\/\/cdtdiagnosticos.com.br\/redencao\/","url":"https:\/\/cdtdiagnosticos.com.br\/redencao\/","name":"Resson\u00e2ncia Magn\u00e9tica em Reden\u00e7\u00e3o-PA - CDT Diagn\u00f3sticos","isPartOf":{"@id":"https:\/\/cdtdiagnosticos.com.br\/redencao\/#website"},"primaryImageOfPage":{"@id":"https:\/\/cdtdiagnosticos.com.br\/redencao\/#primaryimage"},"image":{"@id":"https:\/\/cdtdiagnosticos.com.br\/redencao\/#primaryimage"},"thumbnailUrl":"https:\/\/cdtdiagnosticos.com.br\/redencao\/wp-content\/uploads\/2021\/09\/CDT-Redencao.jpeg","datePublished":"2017-08-14T08:50:41+00:00","dateModified":"2026-04-10T19:02:59+00:00","description":"Resson\u00e2ncia Magn\u00e9tica, Tomografia, Ecografia e Ultrassonografia, Mamografia..Conhe\u00e7a o CDT Diagn\u00f3sticos por imagem Reden\u00e7\u00e3o. Ressonancia Magnetica Reden\u00e7\u00e3o-PA.","breadcrumb":{"@id":"https:\/\/cdtdiagnosticos.com.br\/redencao\/#breadcrumb"},"inLanguage":"pt-BR","potentialAction":[{"@type":"ReadAction","target":["https:\/\/cdtdiagnosticos.com.br\/redencao\/"]}]},{"@type":"ImageObject","inLanguage":"pt-BR","@id":"https:\/\/cdtdiagnosticos.com.br\/redencao\/#primaryimage","url":"https:\/\/cdtdiagnosticos.com.br\/redencao\/wp-content\/uploads\/2021\/09\/CDT-Redencao.jpeg","contentUrl":"https:\/\/cdtdiagnosticos.com.br\/redencao\/wp-content\/uploads\/2021\/09\/CDT-Redencao.jpeg","width":720,"height":1280,"caption":"Ressonancia Magnetica Reden\u00e7\u00e3o"},{"@type":"BreadcrumbList","@id":"https:\/\/cdtdiagnosticos.com.br\/redencao\/#breadcrumb","itemListElement":[{"@type":"ListItem","position":1,"name":"In\u00edcio","item":"https:\/\/cdtdiagnosticos.com.br\/redencao\/"},{"@type":"ListItem","position":2,"name":"Home"}]},{"@type":"WebSite","@id":"https:\/\/cdtdiagnosticos.com.br\/redencao\/#website","url":"https:\/\/cdtdiagnosticos.com.br\/redencao\/","name":"CDT - Diagn\u00f3sticos por Imagem Bras\u00edlia - DF","description":"Exames de Resson\u00e2ncia Magn\u00e9tica","publisher":{"@id":"https:\/\/cdtdiagnosticos.com.br\/redencao\/#organization"},"potentialAction":[{"@type":"SearchAction","target":{"@type":"EntryPoint","urlTemplate":"https:\/\/cdtdiagnosticos.com.br\/redencao\/?s={search_term_string}"},"query-input":{"@type":"PropertyValueSpecification","valueRequired":true,"valueName":"search_term_string"}}],"inLanguage":"pt-BR"},{"@type":"Organization","@id":"https:\/\/cdtdiagnosticos.com.br\/redencao\/#organization","name":"CDT Diagn\u00f3sticos por Imagem - Resson\u00e2ncia Magn\u00e9tica em Bras\u00edlia - DF","url":"https:\/\/cdtdiagnosticos.com.br\/redencao\/","logo":{"@type":"ImageObject","inLanguage":"pt-BR","@id":"https:\/\/cdtdiagnosticos.com.br\/redencao\/#\/schema\/logo\/image\/","url":"https:\/\/cdtdiagnosticos.com.br\/redencao\/wp-content\/uploads\/2018\/11\/logo-1.png","contentUrl":"https:\/\/cdtdiagnosticos.com.br\/redencao\/wp-content\/uploads\/2018\/11\/logo-1.png","width":273,"height":88,"caption":"CDT Diagn\u00f3sticos por Imagem - Resson\u00e2ncia Magn\u00e9tica em Bras\u00edlia - DF"},"image":{"@id":"https:\/\/cdtdiagnosticos.com.br\/redencao\/#\/schema\/logo\/image\/"}}]}},"amp_enabled":false,"_links":{"self":[{"href":"https:\/\/cdtdiagnosticos.com.br\/redencao\/wp-json\/wp\/v2\/pages\/79","targetHints":{"allow":["GET"]}}],"collection":[{"href":"https:\/\/cdtdiagnosticos.com.br\/redencao\/wp-json\/wp\/v2\/pages"}],"about":[{"href":"https:\/\/cdtdiagnosticos.com.br\/redencao\/wp-json\/wp\/v2\/types\/page"}],"author":[{"embeddable":true,"href":"https:\/\/cdtdiagnosticos.com.br\/redencao\/wp-json\/wp\/v2\/users\/2"}],"replies":[{"embeddable":true,"href":"https:\/\/cdtdiagnosticos.com.br\/redencao\/wp-json\/wp\/v2\/comments?post=79"}],"version-history":[{"count":1,"href":"https:\/\/cdtdiagnosticos.com.br\/redencao\/wp-json\/wp\/v2\/pages\/79\/revisions"}],"predecessor-version":[{"id":847,"href":"https:\/\/cdtdiagnosticos.com.br\/redencao\/wp-json\/wp\/v2\/pages\/79\/revisions\/847"}],"wp:featuredmedia":[{"embeddable":true,"href":"https:\/\/cdtdiagnosticos.com.br\/redencao\/wp-json\/wp\/v2\/media\/923"}],"wp:attachment":[{"href":"https:\/\/cdtdiagnosticos.com.br\/redencao\/wp-json\/wp\/v2\/media?parent=79"}],"curies":[{"name":"wp","href":"https:\/\/api.w.org\/{rel}","templated":true}]}}