{"id":294,"date":"2018-11-16T15:42:55","date_gmt":"2018-11-16T17:42:55","guid":{"rendered":"http:\/\/cdtdiagnosticos.com.br\/redencao\/?page_id=294"},"modified":"2021-09-28T08:26:36","modified_gmt":"2021-09-28T11:26:36","slug":"mamografia-digital-bilateral","status":"publish","type":"page","link":"https:\/\/cdtdiagnosticos.com.br\/redencao\/mamografia-digital-bilateral\/","title":{"rendered":"Mamografia Digital Bilateral"},"content":{"rendered":"","protected":false},"excerpt":{"rendered":"","protected":false},"author":2,"featured_media":295,"parent":0,"menu_order":0,"comment_status":"closed","ping_status":"closed","template":"","meta":{"footnotes":""},"class_list":["post-294","page","type-page","status-publish","has-post-thumbnail","hentry"],"yoast_head":"<!-- This site is optimized with the Yoast SEO plugin v24.4 - https:\/\/yoast.com\/wordpress\/plugins\/seo\/ -->\n<title>Mamografia Digital Bilateral Reden\u00e7\u00e3o &#8902; CDT - Diagn\u00f3sticos por Imagem Reden\u00e7\u00e3o - PA<\/title>\n<meta name=\"description\" content=\"Mamografia Digital em Reden\u00e7\u00e3o. Conhe\u00e7a a CDT Diagn\u00f3sticos por imagem, exames de Mamografia Digital com equipamentos de \u00faltima gera\u00e7\u00e3o. Agende Aqui.\" \/>\n<meta name=\"robots\" content=\"index, follow, max-snippet:-1, max-image-preview:large, max-video-preview:-1\" \/>\n<link rel=\"canonical\" href=\"https:\/\/cdtdiagnosticos.com.br\/redencao\/mamografia-digital-bilateral\/\" \/>\n<meta property=\"og:locale\" content=\"pt_BR\" \/>\n<meta property=\"og:type\" content=\"article\" \/>\n<meta property=\"og:title\" content=\"Mamografia Digital Bilateral Reden\u00e7\u00e3o &#8902; CDT - Diagn\u00f3sticos por Imagem Reden\u00e7\u00e3o - PA\" \/>\n<meta property=\"og:description\" content=\"Mamografia Digital em Reden\u00e7\u00e3o. Conhe\u00e7a a CDT Diagn\u00f3sticos por imagem, exames de Mamografia Digital com equipamentos de \u00faltima gera\u00e7\u00e3o. Agende Aqui.\" \/>\n<meta property=\"og:url\" content=\"https:\/\/cdtdiagnosticos.com.br\/redencao\/mamografia-digital-bilateral\/\" \/>\n<meta property=\"og:site_name\" content=\"CDT - Diagn\u00f3sticos por Imagem Reden\u00e7\u00e3o - PA\" \/>\n<meta property=\"article:modified_time\" content=\"2021-09-28T11:26:36+00:00\" \/>\n<meta property=\"og:image\" content=\"https:\/\/cdtdiagnosticos.com.br\/redencao\/wp-content\/uploads\/2018\/11\/mamografia-cdt-banner-1.jpg\" \/>\n\t<meta property=\"og:image:width\" content=\"2560\" \/>\n\t<meta property=\"og:image:height\" content=\"800\" \/>\n\t<meta property=\"og:image:type\" content=\"image\/jpeg\" \/>\n<meta name=\"twitter:card\" content=\"summary_large_image\" \/>\n<!-- \/ Yoast SEO plugin. -->","yoast_head_json":{"title":"Mamografia Digital Bilateral Reden\u00e7\u00e3o &#8902; CDT - Diagn\u00f3sticos por Imagem Reden\u00e7\u00e3o - PA","description":"Mamografia Digital em Reden\u00e7\u00e3o. Conhe\u00e7a a CDT Diagn\u00f3sticos por imagem, exames de Mamografia Digital com equipamentos de \u00faltima gera\u00e7\u00e3o. Agende Aqui.","robots":{"index":"index","follow":"follow","max-snippet":"max-snippet:-1","max-image-preview":"max-image-preview:large","max-video-preview":"max-video-preview:-1"},"canonical":"https:\/\/cdtdiagnosticos.com.br\/redencao\/mamografia-digital-bilateral\/","og_locale":"pt_BR","og_type":"article","og_title":"Mamografia Digital Bilateral Reden\u00e7\u00e3o &#8902; CDT - Diagn\u00f3sticos por Imagem Reden\u00e7\u00e3o - PA","og_description":"Mamografia Digital em Reden\u00e7\u00e3o. Conhe\u00e7a a CDT Diagn\u00f3sticos por imagem, exames de Mamografia Digital com equipamentos de \u00faltima gera\u00e7\u00e3o. Agende Aqui.","og_url":"https:\/\/cdtdiagnosticos.com.br\/redencao\/mamografia-digital-bilateral\/","og_site_name":"CDT - Diagn\u00f3sticos por Imagem Reden\u00e7\u00e3o - PA","article_modified_time":"2021-09-28T11:26:36+00:00","og_image":[{"width":2560,"height":800,"url":"https:\/\/cdtdiagnosticos.com.br\/redencao\/wp-content\/uploads\/2018\/11\/mamografia-cdt-banner-1.jpg","type":"image\/jpeg"}],"twitter_card":"summary_large_image","schema":{"@context":"https:\/\/schema.org","@graph":[{"@type":"WebPage","@id":"https:\/\/cdtdiagnosticos.com.br\/redencao\/mamografia-digital-bilateral\/","url":"https:\/\/cdtdiagnosticos.com.br\/redencao\/mamografia-digital-bilateral\/","name":"Mamografia Digital Bilateral Reden\u00e7\u00e3o &#8902; CDT - Diagn\u00f3sticos por Imagem Reden\u00e7\u00e3o - PA","isPartOf":{"@id":"https:\/\/cdtdiagnosticos.com.br\/redencao\/#website"},"primaryImageOfPage":{"@id":"https:\/\/cdtdiagnosticos.com.br\/redencao\/mamografia-digital-bilateral\/#primaryimage"},"image":{"@id":"https:\/\/cdtdiagnosticos.com.br\/redencao\/mamografia-digital-bilateral\/#primaryimage"},"thumbnailUrl":"https:\/\/cdtdiagnosticos.com.br\/redencao\/wp-content\/uploads\/2018\/11\/mamografia-cdt-banner-1.jpg","datePublished":"2018-11-16T17:42:55+00:00","dateModified":"2021-09-28T11:26:36+00:00","description":"Mamografia Digital em Reden\u00e7\u00e3o. Conhe\u00e7a a CDT Diagn\u00f3sticos por imagem, exames de Mamografia Digital com equipamentos de \u00faltima gera\u00e7\u00e3o. Agende Aqui.","breadcrumb":{"@id":"https:\/\/cdtdiagnosticos.com.br\/redencao\/mamografia-digital-bilateral\/#breadcrumb"},"inLanguage":"pt-BR","potentialAction":[{"@type":"ReadAction","target":["https:\/\/cdtdiagnosticos.com.br\/redencao\/mamografia-digital-bilateral\/"]}]},{"@type":"ImageObject","inLanguage":"pt-BR","@id":"https:\/\/cdtdiagnosticos.com.br\/redencao\/mamografia-digital-bilateral\/#primaryimage","url":"https:\/\/cdtdiagnosticos.com.br\/redencao\/wp-content\/uploads\/2018\/11\/mamografia-cdt-banner-1.jpg","contentUrl":"https:\/\/cdtdiagnosticos.com.br\/redencao\/wp-content\/uploads\/2018\/11\/mamografia-cdt-banner-1.jpg","width":2560,"height":800,"caption":"Mamografia Digital reden\u00e7\u00e3o"},{"@type":"BreadcrumbList","@id":"https:\/\/cdtdiagnosticos.com.br\/redencao\/mamografia-digital-bilateral\/#breadcrumb","itemListElement":[{"@type":"ListItem","position":1,"name":"In\u00edcio","item":"https:\/\/cdtdiagnosticos.com.br\/redencao\/"},{"@type":"ListItem","position":2,"name":"Mamografia Digital Bilateral"}]},{"@type":"WebSite","@id":"https:\/\/cdtdiagnosticos.com.br\/redencao\/#website","url":"https:\/\/cdtdiagnosticos.com.br\/redencao\/","name":"CDT - Diagn\u00f3sticos por Imagem Bras\u00edlia - DF","description":"Exames de Resson\u00e2ncia Magn\u00e9tica","publisher":{"@id":"https:\/\/cdtdiagnosticos.com.br\/redencao\/#organization"},"potentialAction":[{"@type":"SearchAction","target":{"@type":"EntryPoint","urlTemplate":"https:\/\/cdtdiagnosticos.com.br\/redencao\/?s={search_term_string}"},"query-input":{"@type":"PropertyValueSpecification","valueRequired":true,"valueName":"search_term_string"}}],"inLanguage":"pt-BR"},{"@type":"Organization","@id":"https:\/\/cdtdiagnosticos.com.br\/redencao\/#organization","name":"CDT Diagn\u00f3sticos por Imagem - Resson\u00e2ncia Magn\u00e9tica em Bras\u00edlia - DF","url":"https:\/\/cdtdiagnosticos.com.br\/redencao\/","logo":{"@type":"ImageObject","inLanguage":"pt-BR","@id":"https:\/\/cdtdiagnosticos.com.br\/redencao\/#\/schema\/logo\/image\/","url":"https:\/\/cdtdiagnosticos.com.br\/redencao\/wp-content\/uploads\/2018\/11\/logo-1.png","contentUrl":"https:\/\/cdtdiagnosticos.com.br\/redencao\/wp-content\/uploads\/2018\/11\/logo-1.png","width":273,"height":88,"caption":"CDT Diagn\u00f3sticos por Imagem - Resson\u00e2ncia Magn\u00e9tica em Bras\u00edlia - DF"},"image":{"@id":"https:\/\/cdtdiagnosticos.com.br\/redencao\/#\/schema\/logo\/image\/"}}]}},"amp_enabled":true,"_links":{"self":[{"href":"https:\/\/cdtdiagnosticos.com.br\/redencao\/wp-json\/wp\/v2\/pages\/294","targetHints":{"allow":["GET"]}}],"collection":[{"href":"https:\/\/cdtdiagnosticos.com.br\/redencao\/wp-json\/wp\/v2\/pages"}],"about":[{"href":"https:\/\/cdtdiagnosticos.com.br\/redencao\/wp-json\/wp\/v2\/types\/page"}],"author":[{"embeddable":true,"href":"https:\/\/cdtdiagnosticos.com.br\/redencao\/wp-json\/wp\/v2\/users\/2"}],"replies":[{"embeddable":true,"href":"https:\/\/cdtdiagnosticos.com.br\/redencao\/wp-json\/wp\/v2\/comments?post=294"}],"version-history":[{"count":1,"href":"https:\/\/cdtdiagnosticos.com.br\/redencao\/wp-json\/wp\/v2\/pages\/294\/revisions"}],"predecessor-version":[{"id":930,"href":"https:\/\/cdtdiagnosticos.com.br\/redencao\/wp-json\/wp\/v2\/pages\/294\/revisions\/930"}],"wp:featuredmedia":[{"embeddable":true,"href":"https:\/\/cdtdiagnosticos.com.br\/redencao\/wp-json\/wp\/v2\/media\/295"}],"wp:attachment":[{"href":"https:\/\/cdtdiagnosticos.com.br\/redencao\/wp-json\/wp\/v2\/media?parent=294"}],"curies":[{"name":"wp","href":"https:\/\/api.w.org\/{rel}","templated":true}]}}