{"id":273,"date":"2018-11-16T14:10:29","date_gmt":"2018-11-16T16:10:29","guid":{"rendered":"http:\/\/cdtdiagnosticos.com.br\/redencao\/?page_id=273"},"modified":"2021-09-28T08:27:00","modified_gmt":"2021-09-28T11:27:00","slug":"tomografia-computadorizada","status":"publish","type":"page","link":"https:\/\/cdtdiagnosticos.com.br\/redencao\/tomografia-computadorizada\/","title":{"rendered":"Tomografia Computadorizada"},"content":{"rendered":"","protected":false},"excerpt":{"rendered":"","protected":false},"author":2,"featured_media":274,"parent":0,"menu_order":0,"comment_status":"closed","ping_status":"closed","template":"","meta":{"footnotes":""},"class_list":["post-273","page","type-page","status-publish","has-post-thumbnail","hentry"],"yoast_head":"<!-- This site is optimized with the Yoast SEO plugin v24.4 - https:\/\/yoast.com\/wordpress\/plugins\/seo\/ -->\n<title>Tomografia Computadorizada Reden\u00e7\u00e3o &#8902; CDT - Diagn\u00f3sticos por Imagem Reden\u00e7\u00e3o - PA<\/title>\n<meta name=\"description\" content=\"Tomografia Computadorizada em Reden\u00e7\u00e3o. Conhe\u00e7a a CDT Diagn\u00f3sticos por imagem, exames de tomografia com equipamentos de \u00faltima gera\u00e7\u00e3o. Agende Aqui.\" \/>\n<meta name=\"robots\" content=\"index, follow, max-snippet:-1, max-image-preview:large, max-video-preview:-1\" \/>\n<link rel=\"canonical\" href=\"https:\/\/cdtdiagnosticos.com.br\/redencao\/tomografia-computadorizada\/\" \/>\n<meta property=\"og:locale\" content=\"pt_BR\" \/>\n<meta property=\"og:type\" content=\"article\" \/>\n<meta property=\"og:title\" content=\"Tomografia Computadorizada Reden\u00e7\u00e3o &#8902; CDT - Diagn\u00f3sticos por Imagem Reden\u00e7\u00e3o - PA\" \/>\n<meta property=\"og:description\" content=\"Tomografia Computadorizada em Reden\u00e7\u00e3o. Conhe\u00e7a a CDT Diagn\u00f3sticos por imagem, exames de tomografia com equipamentos de \u00faltima gera\u00e7\u00e3o. Agende Aqui.\" \/>\n<meta property=\"og:url\" content=\"https:\/\/cdtdiagnosticos.com.br\/redencao\/tomografia-computadorizada\/\" \/>\n<meta property=\"og:site_name\" content=\"CDT - Diagn\u00f3sticos por Imagem Reden\u00e7\u00e3o - PA\" \/>\n<meta property=\"article:modified_time\" content=\"2021-09-28T11:27:00+00:00\" \/>\n<meta property=\"og:image\" content=\"https:\/\/cdtdiagnosticos.com.br\/redencao\/wp-content\/uploads\/2018\/11\/tomografia-computadorizada-cdt-banner-1.jpg\" \/>\n\t<meta property=\"og:image:width\" content=\"2560\" \/>\n\t<meta property=\"og:image:height\" content=\"800\" \/>\n\t<meta property=\"og:image:type\" content=\"image\/jpeg\" \/>\n<meta name=\"twitter:card\" content=\"summary_large_image\" \/>\n<!-- \/ Yoast SEO plugin. -->","yoast_head_json":{"title":"Tomografia Computadorizada Reden\u00e7\u00e3o &#8902; CDT - Diagn\u00f3sticos por Imagem Reden\u00e7\u00e3o - PA","description":"Tomografia Computadorizada em Reden\u00e7\u00e3o. Conhe\u00e7a a CDT Diagn\u00f3sticos por imagem, exames de tomografia com equipamentos de \u00faltima gera\u00e7\u00e3o. Agende Aqui.","robots":{"index":"index","follow":"follow","max-snippet":"max-snippet:-1","max-image-preview":"max-image-preview:large","max-video-preview":"max-video-preview:-1"},"canonical":"https:\/\/cdtdiagnosticos.com.br\/redencao\/tomografia-computadorizada\/","og_locale":"pt_BR","og_type":"article","og_title":"Tomografia Computadorizada Reden\u00e7\u00e3o &#8902; CDT - Diagn\u00f3sticos por Imagem Reden\u00e7\u00e3o - PA","og_description":"Tomografia Computadorizada em Reden\u00e7\u00e3o. Conhe\u00e7a a CDT Diagn\u00f3sticos por imagem, exames de tomografia com equipamentos de \u00faltima gera\u00e7\u00e3o. Agende Aqui.","og_url":"https:\/\/cdtdiagnosticos.com.br\/redencao\/tomografia-computadorizada\/","og_site_name":"CDT - Diagn\u00f3sticos por Imagem Reden\u00e7\u00e3o - PA","article_modified_time":"2021-09-28T11:27:00+00:00","og_image":[{"width":2560,"height":800,"url":"https:\/\/cdtdiagnosticos.com.br\/redencao\/wp-content\/uploads\/2018\/11\/tomografia-computadorizada-cdt-banner-1.jpg","type":"image\/jpeg"}],"twitter_card":"summary_large_image","schema":{"@context":"https:\/\/schema.org","@graph":[{"@type":"WebPage","@id":"https:\/\/cdtdiagnosticos.com.br\/redencao\/tomografia-computadorizada\/","url":"https:\/\/cdtdiagnosticos.com.br\/redencao\/tomografia-computadorizada\/","name":"Tomografia Computadorizada Reden\u00e7\u00e3o &#8902; CDT - Diagn\u00f3sticos por Imagem Reden\u00e7\u00e3o - PA","isPartOf":{"@id":"https:\/\/cdtdiagnosticos.com.br\/redencao\/#website"},"primaryImageOfPage":{"@id":"https:\/\/cdtdiagnosticos.com.br\/redencao\/tomografia-computadorizada\/#primaryimage"},"image":{"@id":"https:\/\/cdtdiagnosticos.com.br\/redencao\/tomografia-computadorizada\/#primaryimage"},"thumbnailUrl":"https:\/\/cdtdiagnosticos.com.br\/redencao\/wp-content\/uploads\/2018\/11\/tomografia-computadorizada-cdt-banner-1.jpg","datePublished":"2018-11-16T16:10:29+00:00","dateModified":"2021-09-28T11:27:00+00:00","description":"Tomografia Computadorizada em Reden\u00e7\u00e3o. Conhe\u00e7a a CDT Diagn\u00f3sticos por imagem, exames de tomografia com equipamentos de \u00faltima gera\u00e7\u00e3o. Agende Aqui.","breadcrumb":{"@id":"https:\/\/cdtdiagnosticos.com.br\/redencao\/tomografia-computadorizada\/#breadcrumb"},"inLanguage":"pt-BR","potentialAction":[{"@type":"ReadAction","target":["https:\/\/cdtdiagnosticos.com.br\/redencao\/tomografia-computadorizada\/"]}]},{"@type":"ImageObject","inLanguage":"pt-BR","@id":"https:\/\/cdtdiagnosticos.com.br\/redencao\/tomografia-computadorizada\/#primaryimage","url":"https:\/\/cdtdiagnosticos.com.br\/redencao\/wp-content\/uploads\/2018\/11\/tomografia-computadorizada-cdt-banner-1.jpg","contentUrl":"https:\/\/cdtdiagnosticos.com.br\/redencao\/wp-content\/uploads\/2018\/11\/tomografia-computadorizada-cdt-banner-1.jpg","width":2560,"height":800,"caption":"tomografia"},{"@type":"BreadcrumbList","@id":"https:\/\/cdtdiagnosticos.com.br\/redencao\/tomografia-computadorizada\/#breadcrumb","itemListElement":[{"@type":"ListItem","position":1,"name":"In\u00edcio","item":"https:\/\/cdtdiagnosticos.com.br\/redencao\/"},{"@type":"ListItem","position":2,"name":"Tomografia Computadorizada"}]},{"@type":"WebSite","@id":"https:\/\/cdtdiagnosticos.com.br\/redencao\/#website","url":"https:\/\/cdtdiagnosticos.com.br\/redencao\/","name":"CDT - Diagn\u00f3sticos por Imagem Bras\u00edlia - DF","description":"Exames de Resson\u00e2ncia Magn\u00e9tica","publisher":{"@id":"https:\/\/cdtdiagnosticos.com.br\/redencao\/#organization"},"potentialAction":[{"@type":"SearchAction","target":{"@type":"EntryPoint","urlTemplate":"https:\/\/cdtdiagnosticos.com.br\/redencao\/?s={search_term_string}"},"query-input":{"@type":"PropertyValueSpecification","valueRequired":true,"valueName":"search_term_string"}}],"inLanguage":"pt-BR"},{"@type":"Organization","@id":"https:\/\/cdtdiagnosticos.com.br\/redencao\/#organization","name":"CDT Diagn\u00f3sticos por Imagem - Resson\u00e2ncia Magn\u00e9tica em Bras\u00edlia - DF","url":"https:\/\/cdtdiagnosticos.com.br\/redencao\/","logo":{"@type":"ImageObject","inLanguage":"pt-BR","@id":"https:\/\/cdtdiagnosticos.com.br\/redencao\/#\/schema\/logo\/image\/","url":"https:\/\/cdtdiagnosticos.com.br\/redencao\/wp-content\/uploads\/2018\/11\/logo-1.png","contentUrl":"https:\/\/cdtdiagnosticos.com.br\/redencao\/wp-content\/uploads\/2018\/11\/logo-1.png","width":273,"height":88,"caption":"CDT Diagn\u00f3sticos por Imagem - Resson\u00e2ncia Magn\u00e9tica em Bras\u00edlia - DF"},"image":{"@id":"https:\/\/cdtdiagnosticos.com.br\/redencao\/#\/schema\/logo\/image\/"}}]}},"amp_enabled":true,"_links":{"self":[{"href":"https:\/\/cdtdiagnosticos.com.br\/redencao\/wp-json\/wp\/v2\/pages\/273","targetHints":{"allow":["GET"]}}],"collection":[{"href":"https:\/\/cdtdiagnosticos.com.br\/redencao\/wp-json\/wp\/v2\/pages"}],"about":[{"href":"https:\/\/cdtdiagnosticos.com.br\/redencao\/wp-json\/wp\/v2\/types\/page"}],"author":[{"embeddable":true,"href":"https:\/\/cdtdiagnosticos.com.br\/redencao\/wp-json\/wp\/v2\/users\/2"}],"replies":[{"embeddable":true,"href":"https:\/\/cdtdiagnosticos.com.br\/redencao\/wp-json\/wp\/v2\/comments?post=273"}],"version-history":[{"count":1,"href":"https:\/\/cdtdiagnosticos.com.br\/redencao\/wp-json\/wp\/v2\/pages\/273\/revisions"}],"predecessor-version":[{"id":936,"href":"https:\/\/cdtdiagnosticos.com.br\/redencao\/wp-json\/wp\/v2\/pages\/273\/revisions\/936"}],"wp:featuredmedia":[{"embeddable":true,"href":"https:\/\/cdtdiagnosticos.com.br\/redencao\/wp-json\/wp\/v2\/media\/274"}],"wp:attachment":[{"href":"https:\/\/cdtdiagnosticos.com.br\/redencao\/wp-json\/wp\/v2\/media?parent=273"}],"curies":[{"name":"wp","href":"https:\/\/api.w.org\/{rel}","templated":true}]}}